{"id":211,"date":"2024-03-08T11:52:55","date_gmt":"2024-03-08T10:52:55","guid":{"rendered":"https:\/\/event-secure.de\/hochzeit-hostsecure-lamie\/home\/"},"modified":"2025-07-16T14:29:37","modified_gmt":"2025-07-16T12:29:37","slug":"home","status":"publish","type":"page","link":"https:\/\/event-secure.de\/hochzeit-hostsecure-lamie\/","title":{"rendered":"Hochzeitshaftpflichtversicherung"},"content":{"rendered":"","protected":false},"excerpt":{"rendered":"","protected":false},"author":7,"featured_media":951,"parent":0,"menu_order":0,"comment_status":"closed","ping_status":"closed","template":"page-detail.php","meta":{"_acf_changed":false,"footnotes":""},"class_list":["post-211","page","type-page","status-publish","has-post-thumbnail","hentry"],"acf":[],"yoast_head":"<title>Hochzeitshaftpflichtversicherung: sorgenfreier Start ins Ehegl\u00fcck.<\/title>\n<meta name=\"description\" content=\"Eng an eurer Seite im Schadenfall: HOSTsecure - Hochzeitshaftpflichtversicherung f\u00fcr alle F\u00e4lle \u2794 Jetzt berechnen\" \/>\n<meta name=\"robots\" content=\"noindex, follow\" \/>\n<meta property=\"og:locale\" content=\"de_DE\" \/>\n<meta property=\"og:type\" content=\"article\" \/>\n<meta property=\"og:title\" content=\"Hochzeitshaftpflichtversicherung: sorgenfreier Start ins Ehegl\u00fcck.\" \/>\n<meta property=\"og:description\" content=\"Eng an eurer Seite im Schadenfall: HOSTsecure - Hochzeitshaftpflichtversicherung f\u00fcr alle F\u00e4lle \u2794 Jetzt berechnen\" \/>\n<meta property=\"og:url\" content=\"https:\/\/event-secure.de\/hochzeit-hostsecure-lamie\/\" \/>\n<meta property=\"og:site_name\" content=\"\/hochzeit-hostsecure-lamie\" \/>\n<meta property=\"article:modified_time\" content=\"2025-07-16T12:29:37+00:00\" \/>\n<meta property=\"og:image\" content=\"https:\/\/event-secure.de\/hochzeit-hostsecure-lamie\/wp-content\/uploads\/sites\/21\/2024\/08\/Hochzeit-HOSTsecure-LAMIE-Buehne.jpg\" \/>\n\t<meta property=\"og:image:width\" content=\"2560\" \/>\n\t<meta property=\"og:image:height\" content=\"1330\" \/>\n\t<meta property=\"og:image:type\" content=\"image\/jpeg\" \/>\n<meta name=\"twitter:card\" content=\"summary_large_image\" \/>\n<script type=\"application\/ld+json\" class=\"yoast-schema-graph\">{\"@context\":\"https:\\\/\\\/schema.org\",\"@graph\":[{\"@type\":\"WebPage\",\"@id\":\"https:\\\/\\\/event-secure.de\\\/hochzeit-hostsecure-lamie\\\/\",\"url\":\"https:\\\/\\\/event-secure.de\\\/hochzeit-hostsecure-lamie\\\/\",\"name\":\"Hochzeitshaftpflichtversicherung: sorgenfreier Start ins Ehegl\u00fcck.\",\"isPartOf\":{\"@id\":\"https:\\\/\\\/event-secure.de\\\/hochzeit-hostsecure-lamie\\\/#website\"},\"primaryImageOfPage\":{\"@id\":\"https:\\\/\\\/event-secure.de\\\/hochzeit-hostsecure-lamie\\\/#primaryimage\"},\"image\":{\"@id\":\"https:\\\/\\\/event-secure.de\\\/hochzeit-hostsecure-lamie\\\/#primaryimage\"},\"thumbnailUrl\":\"https:\\\/\\\/event-secure.de\\\/hochzeit-hostsecure-lamie\\\/wp-content\\\/uploads\\\/sites\\\/21\\\/2024\\\/08\\\/Hochzeit-HOSTsecure-LAMIE-Buehne.jpg\",\"datePublished\":\"2024-03-08T10:52:55+00:00\",\"dateModified\":\"2025-07-16T12:29:37+00:00\",\"description\":\"Eng an eurer Seite im Schadenfall: HOSTsecure - Hochzeitshaftpflichtversicherung f\u00fcr alle F\u00e4lle \u2794 Jetzt berechnen\",\"breadcrumb\":{\"@id\":\"https:\\\/\\\/event-secure.de\\\/hochzeit-hostsecure-lamie\\\/#breadcrumb\"},\"inLanguage\":\"de\",\"potentialAction\":[{\"@type\":\"ReadAction\",\"target\":[\"https:\\\/\\\/event-secure.de\\\/hochzeit-hostsecure-lamie\\\/\"]}]},{\"@type\":\"ImageObject\",\"inLanguage\":\"de\",\"@id\":\"https:\\\/\\\/event-secure.de\\\/hochzeit-hostsecure-lamie\\\/#primaryimage\",\"url\":\"https:\\\/\\\/event-secure.de\\\/hochzeit-hostsecure-lamie\\\/wp-content\\\/uploads\\\/sites\\\/21\\\/2024\\\/08\\\/Hochzeit-HOSTsecure-LAMIE-Buehne.jpg\",\"contentUrl\":\"https:\\\/\\\/event-secure.de\\\/hochzeit-hostsecure-lamie\\\/wp-content\\\/uploads\\\/sites\\\/21\\\/2024\\\/08\\\/Hochzeit-HOSTsecure-LAMIE-Buehne.jpg\",\"width\":2560,\"height\":1330},{\"@type\":\"BreadcrumbList\",\"@id\":\"https:\\\/\\\/event-secure.de\\\/hochzeit-hostsecure-lamie\\\/#breadcrumb\",\"itemListElement\":[{\"@type\":\"ListItem\",\"position\":1,\"name\":\"Startseite\",\"item\":\"https:\\\/\\\/event-secure.de\\\/hochzeit-hostsecure-lamie\\\/\"},{\"@type\":\"ListItem\",\"position\":2,\"name\":\"Hochzeitshaftpflichtversicherung\"}]},{\"@type\":\"WebSite\",\"@id\":\"https:\\\/\\\/event-secure.de\\\/hochzeit-hostsecure-lamie\\\/#website\",\"url\":\"https:\\\/\\\/event-secure.de\\\/hochzeit-hostsecure-lamie\\\/\",\"name\":\"\\\/hochzeit-hostsecure-lamie\",\"description\":\"\\\/hochzeit-hostsecure-lamie description\",\"potentialAction\":[{\"@type\":\"SearchAction\",\"target\":{\"@type\":\"EntryPoint\",\"urlTemplate\":\"https:\\\/\\\/event-secure.de\\\/hochzeit-hostsecure-lamie\\\/?s={search_term_string}\"},\"query-input\":{\"@type\":\"PropertyValueSpecification\",\"valueRequired\":true,\"valueName\":\"search_term_string\"}}],\"inLanguage\":\"de\"}]}<\/script>","yoast_head_json":{"title":"Hochzeitshaftpflichtversicherung: sorgenfreier Start ins Ehegl\u00fcck.","description":"Eng an eurer Seite im Schadenfall: HOSTsecure - Hochzeitshaftpflichtversicherung f\u00fcr alle F\u00e4lle \u2794 Jetzt berechnen","robots":{"index":"noindex","follow":"follow"},"og_locale":"de_DE","og_type":"article","og_title":"Hochzeitshaftpflichtversicherung: sorgenfreier Start ins Ehegl\u00fcck.","og_description":"Eng an eurer Seite im Schadenfall: HOSTsecure - Hochzeitshaftpflichtversicherung f\u00fcr alle F\u00e4lle \u2794 Jetzt berechnen","og_url":"https:\/\/event-secure.de\/hochzeit-hostsecure-lamie\/","og_site_name":"\/hochzeit-hostsecure-lamie","article_modified_time":"2025-07-16T12:29:37+00:00","og_image":[{"width":2560,"height":1330,"url":"https:\/\/event-secure.de\/hochzeit-hostsecure-lamie\/wp-content\/uploads\/sites\/21\/2024\/08\/Hochzeit-HOSTsecure-LAMIE-Buehne.jpg","type":"image\/jpeg"}],"twitter_card":"summary_large_image","schema":{"@context":"https:\/\/schema.org","@graph":[{"@type":"WebPage","@id":"https:\/\/event-secure.de\/hochzeit-hostsecure-lamie\/","url":"https:\/\/event-secure.de\/hochzeit-hostsecure-lamie\/","name":"Hochzeitshaftpflichtversicherung: sorgenfreier Start ins Ehegl\u00fcck.","isPartOf":{"@id":"https:\/\/event-secure.de\/hochzeit-hostsecure-lamie\/#website"},"primaryImageOfPage":{"@id":"https:\/\/event-secure.de\/hochzeit-hostsecure-lamie\/#primaryimage"},"image":{"@id":"https:\/\/event-secure.de\/hochzeit-hostsecure-lamie\/#primaryimage"},"thumbnailUrl":"https:\/\/event-secure.de\/hochzeit-hostsecure-lamie\/wp-content\/uploads\/sites\/21\/2024\/08\/Hochzeit-HOSTsecure-LAMIE-Buehne.jpg","datePublished":"2024-03-08T10:52:55+00:00","dateModified":"2025-07-16T12:29:37+00:00","description":"Eng an eurer Seite im Schadenfall: HOSTsecure - Hochzeitshaftpflichtversicherung f\u00fcr alle F\u00e4lle \u2794 Jetzt berechnen","breadcrumb":{"@id":"https:\/\/event-secure.de\/hochzeit-hostsecure-lamie\/#breadcrumb"},"inLanguage":"de","potentialAction":[{"@type":"ReadAction","target":["https:\/\/event-secure.de\/hochzeit-hostsecure-lamie\/"]}]},{"@type":"ImageObject","inLanguage":"de","@id":"https:\/\/event-secure.de\/hochzeit-hostsecure-lamie\/#primaryimage","url":"https:\/\/event-secure.de\/hochzeit-hostsecure-lamie\/wp-content\/uploads\/sites\/21\/2024\/08\/Hochzeit-HOSTsecure-LAMIE-Buehne.jpg","contentUrl":"https:\/\/event-secure.de\/hochzeit-hostsecure-lamie\/wp-content\/uploads\/sites\/21\/2024\/08\/Hochzeit-HOSTsecure-LAMIE-Buehne.jpg","width":2560,"height":1330},{"@type":"BreadcrumbList","@id":"https:\/\/event-secure.de\/hochzeit-hostsecure-lamie\/#breadcrumb","itemListElement":[{"@type":"ListItem","position":1,"name":"Startseite","item":"https:\/\/event-secure.de\/hochzeit-hostsecure-lamie\/"},{"@type":"ListItem","position":2,"name":"Hochzeitshaftpflichtversicherung"}]},{"@type":"WebSite","@id":"https:\/\/event-secure.de\/hochzeit-hostsecure-lamie\/#website","url":"https:\/\/event-secure.de\/hochzeit-hostsecure-lamie\/","name":"\/hochzeit-hostsecure-lamie","description":"\/hochzeit-hostsecure-lamie description","potentialAction":[{"@type":"SearchAction","target":{"@type":"EntryPoint","urlTemplate":"https:\/\/event-secure.de\/hochzeit-hostsecure-lamie\/?s={search_term_string}"},"query-input":{"@type":"PropertyValueSpecification","valueRequired":true,"valueName":"search_term_string"}}],"inLanguage":"de"}]}},"_links":{"self":[{"href":"https:\/\/event-secure.de\/hochzeit-hostsecure-lamie\/wp-json\/wp\/v2\/pages\/211","targetHints":{"allow":["GET"]}}],"collection":[{"href":"https:\/\/event-secure.de\/hochzeit-hostsecure-lamie\/wp-json\/wp\/v2\/pages"}],"about":[{"href":"https:\/\/event-secure.de\/hochzeit-hostsecure-lamie\/wp-json\/wp\/v2\/types\/page"}],"author":[{"embeddable":true,"href":"https:\/\/event-secure.de\/hochzeit-hostsecure-lamie\/wp-json\/wp\/v2\/users\/7"}],"replies":[{"embeddable":true,"href":"https:\/\/event-secure.de\/hochzeit-hostsecure-lamie\/wp-json\/wp\/v2\/comments?post=211"}],"version-history":[{"count":96,"href":"https:\/\/event-secure.de\/hochzeit-hostsecure-lamie\/wp-json\/wp\/v2\/pages\/211\/revisions"}],"predecessor-version":[{"id":2542,"href":"https:\/\/event-secure.de\/hochzeit-hostsecure-lamie\/wp-json\/wp\/v2\/pages\/211\/revisions\/2542"}],"wp:featuredmedia":[{"embeddable":true,"href":"https:\/\/event-secure.de\/hochzeit-hostsecure-lamie\/wp-json\/wp\/v2\/media\/951"}],"wp:attachment":[{"href":"https:\/\/event-secure.de\/hochzeit-hostsecure-lamie\/wp-json\/wp\/v2\/media?parent=211"}],"curies":[{"name":"wp","href":"https:\/\/api.w.org\/{rel}","templated":true}]}}