{"id":213,"date":"2024-03-08T11:52:55","date_gmt":"2024-03-08T10:52:55","guid":{"rendered":"https:\/\/event-secure.de\/hochzeit-hostsecure-lamie\/impressum-erstinformation\/"},"modified":"2024-08-02T17:14:37","modified_gmt":"2024-08-02T15:14:37","slug":"impressum-erstinformation","status":"publish","type":"page","link":"https:\/\/event-secure.de\/hochzeit-hostsecure-lamie\/impressum-erstinformation\/","title":{"rendered":"Impressum \/ Erstinformation"},"content":{"rendered":"\n<p>Franke Versicherungsmakler GmbH<br>Gesch\u00e4ftsf\u00fchrer: Herr Peter Franke<br>Adolf-Damaschke-Str. 56\/58 | D &#8211; 14542 Werder (Havel) <\/p>\n\n\n\n<p>Tel.:\u00a0 +49 3327 4378999<br>Fax:\u00a0 +49 3327 4978997<br>E-Mail:  mail[at]event-secure.de  <br><br>Handelsregister: Amtsgericht Potsdam, Aktenzeichen: HRB 33678 P <br>Umsatzsteuer-ID: DE273276631<br>Verantwortlicher i.S.d. \u00a7 18 Abs. 2 MStV: Peter Franke, Adolf-Damaschke-Str. 56\/58, 14542 Werder (Havel) <\/p>\n\n\n\n<h3 class=\"wp-block-heading\">T\u00e4tigkeit<\/h3>\n\n\n\n<p>Versicherungsmakler mit Erlaubnis nach \u00a7 34d Abs. 1 GewO seit 29.06.2010<br>Aufsichtsbeh\u00f6rde: Industrie und Handelskammer Potsdam, Breite Str. 2A-C, 14467 Potsdam <\/p>\n\n\n\n<h3 class=\"wp-block-heading\">Register<\/h3>\n\n\n\n<p>Register-Nr. \u00a7 34d Abs. 1 GewO:&nbsp; D-NYDK-YX2CV-93<br>Registerstelle: Deutscher Industrie- u. Handelskammertag (DIHK) e. V., Breite Str. 29, 10178 Berlin (<a href=\"http:\/\/www.vermittlerregister.info\">www.vermittlerregister.info<\/a>) <\/p>\n\n\n\n<h3 class=\"wp-block-heading\">Informationen \u00fcber Beratung und Verg\u00fctung<\/h3>\n\n\n\n<p>Unsere T\u00e4tigkeit beinhaltet auch Beratung. Die Verg\u00fctung unserer T\u00e4tigkeit erfolgt als:<br>\u2013 konkret vereinbarte Zahlung durch den Kunden oder <br>\u2013 als in der Versicherungspr\u00e4mie enthaltene Provision, die vom jeweiligen Versicherungsunternehmen ausgezahlt wird oder<br>\u2013 als Kombination aus beidem. <br>Die Verg\u00fctung ist jeweils abh\u00e4ngig von den W\u00fcnschen und Bed\u00fcrfnissen des Kunden und den Versicherungsprodukten, welche eventuell vermittelt   werden. <\/p>\n\n\n\n<h3 class=\"wp-block-heading\">Beschwerden<\/h3>\n\n\n\n<p>Beschwerden sind in Textform an die Gesch\u00e4ftsleitung zu richten und werden im Rahmen unseres Beschwerdemanagements unverz\u00fcglich bearbeitet. <\/p>\n\n\n\n<h3 class=\"wp-block-heading\">Schlichtungsstellen<\/h3>\n\n\n\n<p>Gem\u00e4\u00df \u00a7 36 VSBG und \u00a7 17 Abs. 4 VersVermV teilen wir mit, dass wir bereit sind an einem Streitbeilegungsverfahren teilzunehmen. Folgende Schlichtungsstellen k\u00f6nnen kontaktiert werden:<\/p>\n\n\n\n<p>Versicherungsombudsmann e.V.<br>Postfach 08 06 32, 10006 Berlin<br>www.versicherungsombudsmann.de<\/p>\n\n\n\n<p>Europ\u00e4ische Kommision<br>Online-Streitbeilegungsplattform (OS-Plattform)<br>ec.europa.eu\/consumers\/odr<\/p>\n\n\n\n<h3 class=\"wp-block-heading\">Berufsrechtliche Regelungen<\/h3>\n\n\n\n<p>Gewerbeordnung (GewO)<br>Versicherungsvertragsgesetz (VVG)<br>Versicherungsaufsichtsgesetz (VAG)<br>Verordnung \u00fcber die Versicherungsvermittlung und -beratung (VersVermV) <\/p>\n\n\n\n<p>Die berufsrechtlichen Regelungen k\u00f6nnen \u00fcber die vom Bundesministerium der Justiz und von der juris GmbH betriebenen Homepage www.gesetze-im-internet.de eingesehen und abgerufen werden.<\/p>\n\n\n\n<p>\u00c4nderungen die durch beh\u00f6rdliche und\/oder gesetzliche Auflagen bzw. \ndurch betriebsinterne Ver\u00e4nderungen verursacht werden bleiben \nvorbehalten.<\/p>\n\n\n\n<h3 class=\"wp-block-heading\">Bildnachweise<\/h3>\n\n\n\n<p>Die Bilder, die hier auf dieser Website Verwendung finden, stammen von erworbenen Bildlizenzen:<\/p>\n\n\n\n<p>Titelbild: <br>Contentbild: <\/p>\n\n\n\n<p>Dar\u00fcber hinaus werden folgende lizenzfreien Bilder genutzt:<\/p>\n\n\n\n<p><a href=\"https:\/\/www.flaticon.com\/free-icons\/requirement\">Requirement icons created by Freepik &#8211; Flaticon<\/a><br><a href=\"https:\/\/www.flaticon.com\/free-icons\/compare\">Compare icons created by Freepik &#8211; Flaticon<\/a><br><a href=\"https:\/\/www.flaticon.com\/de\/kostenlose-icons\/faq\">Faq icons created by Freepik &#8211; Flaticon<\/a><br><a href=\"https:\/\/www.flaticon.com\/de\/kostenlose-icons\/papier\">Paper icons created by Freepik &#8211; Flaticon<\/a><br><a href=\"https:\/\/www.flaticon.com\/de\/kostenlose-icons\/email\">Email Icons created by Freepik &#8211; Flaticon<\/a><br><a href=\"https:\/\/www.flaticon.com\/free-icons\/shortcut\">Shortcut icons created by Creatype &#8211; Flaticon<\/a><br><a href=\"https:\/\/www.flaticon.com\/free-icons\/policy\">Policy icons created by Freepik &#8211; Flaticon<\/a><br><a href=\"https:\/\/www.flaticon.com\/free-icons\/currency\">Currency icons created by Freepik &#8211; Flaticon<\/a><br><a href=\"https:\/\/www.flaticon.com\/free-icons\/business-and-finance\">Business and finance icons created by Freepik &#8211; Flaticon<\/a><br><a href=\"https:\/\/www.flaticon.com\/free-icons\/call\">Call icons created by Freepik &#8211; Flaticon<\/a><br><a href=\"https:\/\/www.flaticon.com\/free-icons\/exception\">Exception icons created by Freepik &#8211; Flaticon<\/a><br><a href=\"https:\/\/www.flaticon.com\/free-icons\/email\">Email icons created by Freepik &#8211; Flaticon<\/a><\/p>\n\n\n\n<p><em>Stand Revision: 03\/2023<\/em><\/p>\n\n\n\n<p><\/p>\n\n\n\n<p><\/p>\n","protected":false},"excerpt":{"rendered":"<p>Franke Versicherungsmakler GmbHGesch\u00e4ftsf\u00fchrer: Herr Peter FrankeAdolf-Damaschke-Str. 56\/58 | D &#8211; 14542 Werder (Havel) Tel.:\u00a0 +49 3327 4378999Fax:\u00a0 +49 3327 4978997E-Mail: mail[at]event-secure.de Handelsregister: Amtsgericht Potsdam, Aktenzeichen: HRB 33678 P Umsatzsteuer-ID: DE273276631Verantwortlicher i.S.d. \u00a7 18 Abs. 2 MStV: Peter Franke, Adolf-Damaschke-Str. 56\/58, 14542 Werder (Havel) T\u00e4tigkeit Versicherungsmakler mit Erlaubnis nach \u00a7 34d Abs. 1 GewO seit 29.06.2010Aufsichtsbeh\u00f6rde: [&hellip;]<\/p>\n","protected":false},"author":7,"featured_media":0,"parent":0,"menu_order":0,"comment_status":"closed","ping_status":"closed","template":"","meta":{"_acf_changed":false,"footnotes":""},"class_list":["post-213","page","type-page","status-publish","hentry"],"acf":[],"yoast_head":"<title>Impressum \/ Erstinformation - \/hochzeit-hostsecure-lamie<\/title>\n<meta name=\"robots\" content=\"noindex, nofollow\" \/>\n<meta property=\"og:locale\" content=\"de_DE\" \/>\n<meta property=\"og:type\" content=\"article\" \/>\n<meta property=\"og:title\" content=\"Impressum \/ Erstinformation - \/hochzeit-hostsecure-lamie\" \/>\n<meta property=\"og:description\" content=\"Franke Versicherungsmakler GmbHGesch\u00e4ftsf\u00fchrer: Herr Peter FrankeAdolf-Damaschke-Str. 56\/58 | D &#8211; 14542 Werder (Havel) Tel.:\u00a0 +49 3327 4378999Fax:\u00a0 +49 3327 4978997E-Mail: mail[at]event-secure.de Handelsregister: Amtsgericht Potsdam, Aktenzeichen: HRB 33678 P Umsatzsteuer-ID: DE273276631Verantwortlicher i.S.d. \u00a7 18 Abs. 2 MStV: Peter Franke, Adolf-Damaschke-Str. 56\/58, 14542 Werder (Havel) T\u00e4tigkeit Versicherungsmakler mit Erlaubnis nach \u00a7 34d Abs. 1 GewO seit 29.06.2010Aufsichtsbeh\u00f6rde: [&hellip;]\" \/>\n<meta property=\"og:url\" content=\"https:\/\/event-secure.de\/hochzeit-hostsecure-lamie\/impressum-erstinformation\/\" \/>\n<meta property=\"og:site_name\" content=\"\/hochzeit-hostsecure-lamie\" \/>\n<meta property=\"article:modified_time\" content=\"2024-08-02T15:14:37+00:00\" \/>\n<meta name=\"twitter:card\" content=\"summary_large_image\" \/>\n<script type=\"application\/ld+json\" class=\"yoast-schema-graph\">{\"@context\":\"https:\\\/\\\/schema.org\",\"@graph\":[{\"@type\":\"WebPage\",\"@id\":\"https:\\\/\\\/event-secure.de\\\/hochzeit-hostsecure-lamie\\\/impressum-erstinformation\\\/\",\"url\":\"https:\\\/\\\/event-secure.de\\\/hochzeit-hostsecure-lamie\\\/impressum-erstinformation\\\/\",\"name\":\"Impressum \\\/ Erstinformation - \\\/hochzeit-hostsecure-lamie\",\"isPartOf\":{\"@id\":\"https:\\\/\\\/event-secure.de\\\/hochzeit-hostsecure-lamie\\\/#website\"},\"datePublished\":\"2024-03-08T10:52:55+00:00\",\"dateModified\":\"2024-08-02T15:14:37+00:00\",\"breadcrumb\":{\"@id\":\"https:\\\/\\\/event-secure.de\\\/hochzeit-hostsecure-lamie\\\/impressum-erstinformation\\\/#breadcrumb\"},\"inLanguage\":\"de\",\"potentialAction\":[{\"@type\":\"ReadAction\",\"target\":[\"https:\\\/\\\/event-secure.de\\\/hochzeit-hostsecure-lamie\\\/impressum-erstinformation\\\/\"]}]},{\"@type\":\"BreadcrumbList\",\"@id\":\"https:\\\/\\\/event-secure.de\\\/hochzeit-hostsecure-lamie\\\/impressum-erstinformation\\\/#breadcrumb\",\"itemListElement\":[{\"@type\":\"ListItem\",\"position\":1,\"name\":\"Startseite\",\"item\":\"https:\\\/\\\/event-secure.de\\\/hochzeit-hostsecure-lamie\\\/\"},{\"@type\":\"ListItem\",\"position\":2,\"name\":\"Impressum \\\/ Erstinformation\"}]},{\"@type\":\"WebSite\",\"@id\":\"https:\\\/\\\/event-secure.de\\\/hochzeit-hostsecure-lamie\\\/#website\",\"url\":\"https:\\\/\\\/event-secure.de\\\/hochzeit-hostsecure-lamie\\\/\",\"name\":\"\\\/hochzeit-hostsecure-lamie\",\"description\":\"\\\/hochzeit-hostsecure-lamie description\",\"potentialAction\":[{\"@type\":\"SearchAction\",\"target\":{\"@type\":\"EntryPoint\",\"urlTemplate\":\"https:\\\/\\\/event-secure.de\\\/hochzeit-hostsecure-lamie\\\/?s={search_term_string}\"},\"query-input\":{\"@type\":\"PropertyValueSpecification\",\"valueRequired\":true,\"valueName\":\"search_term_string\"}}],\"inLanguage\":\"de\"}]}<\/script>","yoast_head_json":{"title":"Impressum \/ Erstinformation - \/hochzeit-hostsecure-lamie","robots":{"index":"noindex","follow":"nofollow"},"og_locale":"de_DE","og_type":"article","og_title":"Impressum \/ Erstinformation - \/hochzeit-hostsecure-lamie","og_description":"Franke Versicherungsmakler GmbHGesch\u00e4ftsf\u00fchrer: Herr Peter FrankeAdolf-Damaschke-Str. 56\/58 | D &#8211; 14542 Werder (Havel) Tel.:\u00a0 +49 3327 4378999Fax:\u00a0 +49 3327 4978997E-Mail: mail[at]event-secure.de Handelsregister: Amtsgericht Potsdam, Aktenzeichen: HRB 33678 P Umsatzsteuer-ID: DE273276631Verantwortlicher i.S.d. \u00a7 18 Abs. 2 MStV: Peter Franke, Adolf-Damaschke-Str. 56\/58, 14542 Werder (Havel) T\u00e4tigkeit Versicherungsmakler mit Erlaubnis nach \u00a7 34d Abs. 1 GewO seit 29.06.2010Aufsichtsbeh\u00f6rde: [&hellip;]","og_url":"https:\/\/event-secure.de\/hochzeit-hostsecure-lamie\/impressum-erstinformation\/","og_site_name":"\/hochzeit-hostsecure-lamie","article_modified_time":"2024-08-02T15:14:37+00:00","twitter_card":"summary_large_image","schema":{"@context":"https:\/\/schema.org","@graph":[{"@type":"WebPage","@id":"https:\/\/event-secure.de\/hochzeit-hostsecure-lamie\/impressum-erstinformation\/","url":"https:\/\/event-secure.de\/hochzeit-hostsecure-lamie\/impressum-erstinformation\/","name":"Impressum \/ Erstinformation - \/hochzeit-hostsecure-lamie","isPartOf":{"@id":"https:\/\/event-secure.de\/hochzeit-hostsecure-lamie\/#website"},"datePublished":"2024-03-08T10:52:55+00:00","dateModified":"2024-08-02T15:14:37+00:00","breadcrumb":{"@id":"https:\/\/event-secure.de\/hochzeit-hostsecure-lamie\/impressum-erstinformation\/#breadcrumb"},"inLanguage":"de","potentialAction":[{"@type":"ReadAction","target":["https:\/\/event-secure.de\/hochzeit-hostsecure-lamie\/impressum-erstinformation\/"]}]},{"@type":"BreadcrumbList","@id":"https:\/\/event-secure.de\/hochzeit-hostsecure-lamie\/impressum-erstinformation\/#breadcrumb","itemListElement":[{"@type":"ListItem","position":1,"name":"Startseite","item":"https:\/\/event-secure.de\/hochzeit-hostsecure-lamie\/"},{"@type":"ListItem","position":2,"name":"Impressum \/ Erstinformation"}]},{"@type":"WebSite","@id":"https:\/\/event-secure.de\/hochzeit-hostsecure-lamie\/#website","url":"https:\/\/event-secure.de\/hochzeit-hostsecure-lamie\/","name":"\/hochzeit-hostsecure-lamie","description":"\/hochzeit-hostsecure-lamie description","potentialAction":[{"@type":"SearchAction","target":{"@type":"EntryPoint","urlTemplate":"https:\/\/event-secure.de\/hochzeit-hostsecure-lamie\/?s={search_term_string}"},"query-input":{"@type":"PropertyValueSpecification","valueRequired":true,"valueName":"search_term_string"}}],"inLanguage":"de"}]}},"_links":{"self":[{"href":"https:\/\/event-secure.de\/hochzeit-hostsecure-lamie\/wp-json\/wp\/v2\/pages\/213","targetHints":{"allow":["GET"]}}],"collection":[{"href":"https:\/\/event-secure.de\/hochzeit-hostsecure-lamie\/wp-json\/wp\/v2\/pages"}],"about":[{"href":"https:\/\/event-secure.de\/hochzeit-hostsecure-lamie\/wp-json\/wp\/v2\/types\/page"}],"author":[{"embeddable":true,"href":"https:\/\/event-secure.de\/hochzeit-hostsecure-lamie\/wp-json\/wp\/v2\/users\/7"}],"replies":[{"embeddable":true,"href":"https:\/\/event-secure.de\/hochzeit-hostsecure-lamie\/wp-json\/wp\/v2\/comments?post=213"}],"version-history":[{"count":2,"href":"https:\/\/event-secure.de\/hochzeit-hostsecure-lamie\/wp-json\/wp\/v2\/pages\/213\/revisions"}],"predecessor-version":[{"id":959,"href":"https:\/\/event-secure.de\/hochzeit-hostsecure-lamie\/wp-json\/wp\/v2\/pages\/213\/revisions\/959"}],"wp:attachment":[{"href":"https:\/\/event-secure.de\/hochzeit-hostsecure-lamie\/wp-json\/wp\/v2\/media?parent=213"}],"curies":[{"name":"wp","href":"https:\/\/api.w.org\/{rel}","templated":true}]}}