{"id":169,"date":"2019-11-02T12:33:57","date_gmt":"2019-11-02T11:33:57","guid":{"rendered":"https:\/\/event-secure.de\/clothsecure\/home\/"},"modified":"2025-07-16T14:02:32","modified_gmt":"2025-07-16T12:02:32","slug":"home","status":"publish","type":"page","link":"https:\/\/event-secure.de\/jacketsecure\/","title":{"rendered":"Garderobenversicherung"},"content":{"rendered":"","protected":false},"excerpt":{"rendered":"","protected":false},"author":1,"featured_media":7087,"parent":0,"menu_order":0,"comment_status":"closed","ping_status":"closed","template":"page-detail.php","meta":{"_acf_changed":false,"footnotes":""},"class_list":["post-169","page","type-page","status-publish","has-post-thumbnail","hentry"],"acf":[],"yoast_head":"<title>Garderobenversicherung f\u00fcr Jacken und Taschen Ihrer G\u00e4ste<\/title>\n<meta name=\"description\" content=\"Bei Besch\u00e4digung und Verlust: JACKETsecure als Garderobenversicherung zahlt die Kosten \u2794 Jetzt berechnen\" \/>\n<meta name=\"robots\" content=\"index, follow, max-snippet:-1, max-image-preview:large, max-video-preview:-1\" \/>\n<link rel=\"canonical\" href=\"https:\/\/event-secure.de\/jacketsecure\/\" \/>\n<meta property=\"og:locale\" content=\"de_DE\" \/>\n<meta property=\"og:type\" content=\"article\" \/>\n<meta property=\"og:title\" content=\"Garderobenversicherung f\u00fcr Jacken und Taschen Ihrer G\u00e4ste\" \/>\n<meta property=\"og:description\" content=\"Bei Besch\u00e4digung und Verlust: JACKETsecure als Garderobenversicherung zahlt die Kosten \u2794 Jetzt berechnen\" \/>\n<meta property=\"og:url\" content=\"https:\/\/event-secure.de\/jacketsecure\/\" \/>\n<meta property=\"og:site_name\" content=\"Garderobenversicherung f\u00fcr Jacken und Taschen Ihrer G\u00e4ste\" \/>\n<meta property=\"article:modified_time\" content=\"2025-07-16T12:02:32+00:00\" \/>\n<meta property=\"og:image\" content=\"https:\/\/event-secure.de\/jacketsecure\/wp-content\/uploads\/sites\/6\/2022\/11\/JACKETsecure-header-scaled.jpg\" \/>\n\t<meta property=\"og:image:width\" content=\"2560\" \/>\n\t<meta property=\"og:image:height\" content=\"1329\" \/>\n\t<meta property=\"og:image:type\" content=\"image\/jpeg\" \/>\n<meta name=\"twitter:card\" content=\"summary_large_image\" \/>\n<script type=\"application\/ld+json\" class=\"yoast-schema-graph\">{\"@context\":\"https:\\\/\\\/schema.org\",\"@graph\":[{\"@type\":\"WebPage\",\"@id\":\"https:\\\/\\\/event-secure.de\\\/jacketsecure\\\/\",\"url\":\"https:\\\/\\\/event-secure.de\\\/jacketsecure\\\/\",\"name\":\"Garderobenversicherung f\u00fcr Jacken und Taschen Ihrer G\u00e4ste\",\"isPartOf\":{\"@id\":\"https:\\\/\\\/event-secure.de\\\/jacketsecure\\\/#website\"},\"primaryImageOfPage\":{\"@id\":\"https:\\\/\\\/event-secure.de\\\/jacketsecure\\\/#primaryimage\"},\"image\":{\"@id\":\"https:\\\/\\\/event-secure.de\\\/jacketsecure\\\/#primaryimage\"},\"thumbnailUrl\":\"https:\\\/\\\/event-secure.de\\\/jacketsecure\\\/wp-content\\\/uploads\\\/sites\\\/6\\\/2022\\\/11\\\/JACKETsecure-header-scaled.jpg\",\"datePublished\":\"2019-11-02T11:33:57+00:00\",\"dateModified\":\"2025-07-16T12:02:32+00:00\",\"description\":\"Bei Besch\u00e4digung und Verlust: JACKETsecure als Garderobenversicherung zahlt die Kosten \u2794 Jetzt berechnen\",\"breadcrumb\":{\"@id\":\"https:\\\/\\\/event-secure.de\\\/jacketsecure\\\/#breadcrumb\"},\"inLanguage\":\"de\",\"potentialAction\":[{\"@type\":\"ReadAction\",\"target\":[\"https:\\\/\\\/event-secure.de\\\/jacketsecure\\\/\"]}]},{\"@type\":\"ImageObject\",\"inLanguage\":\"de\",\"@id\":\"https:\\\/\\\/event-secure.de\\\/jacketsecure\\\/#primaryimage\",\"url\":\"https:\\\/\\\/event-secure.de\\\/jacketsecure\\\/wp-content\\\/uploads\\\/sites\\\/6\\\/2022\\\/11\\\/JACKETsecure-header-scaled.jpg\",\"contentUrl\":\"https:\\\/\\\/event-secure.de\\\/jacketsecure\\\/wp-content\\\/uploads\\\/sites\\\/6\\\/2022\\\/11\\\/JACKETsecure-header-scaled.jpg\",\"width\":2560,\"height\":1329,\"caption\":\"Garderobenversicherung | Holzb\u00fcgel mit Garderobenmarken\"},{\"@type\":\"BreadcrumbList\",\"@id\":\"https:\\\/\\\/event-secure.de\\\/jacketsecure\\\/#breadcrumb\",\"itemListElement\":[{\"@type\":\"ListItem\",\"position\":1,\"name\":\"Startseite\",\"item\":\"https:\\\/\\\/event-secure.de\\\/jacketsecure\\\/\"},{\"@type\":\"ListItem\",\"position\":2,\"name\":\"Garderobenversicherung\"}]},{\"@type\":\"WebSite\",\"@id\":\"https:\\\/\\\/event-secure.de\\\/jacketsecure\\\/#website\",\"url\":\"https:\\\/\\\/event-secure.de\\\/jacketsecure\\\/\",\"name\":\"Garderobenversicherung f\u00fcr Jacken und Taschen Ihrer G\u00e4ste\",\"description\":\"Von Besch\u00e4digung \u00fcber Verwechslung bis Verlust: JACKETsecure tr\u00e4gt die aufzuwendenen Kosten. \u2713 Online rechnen und abschlie\u00dfen.\",\"potentialAction\":[{\"@type\":\"SearchAction\",\"target\":{\"@type\":\"EntryPoint\",\"urlTemplate\":\"https:\\\/\\\/event-secure.de\\\/jacketsecure\\\/?s={search_term_string}\"},\"query-input\":{\"@type\":\"PropertyValueSpecification\",\"valueRequired\":true,\"valueName\":\"search_term_string\"}}],\"inLanguage\":\"de\"}]}<\/script>","yoast_head_json":{"title":"Garderobenversicherung f\u00fcr Jacken und Taschen Ihrer G\u00e4ste","description":"Bei Besch\u00e4digung und Verlust: JACKETsecure als Garderobenversicherung zahlt die Kosten \u2794 Jetzt berechnen","robots":{"index":"index","follow":"follow","max-snippet":"max-snippet:-1","max-image-preview":"max-image-preview:large","max-video-preview":"max-video-preview:-1"},"canonical":"https:\/\/event-secure.de\/jacketsecure\/","og_locale":"de_DE","og_type":"article","og_title":"Garderobenversicherung f\u00fcr Jacken und Taschen Ihrer G\u00e4ste","og_description":"Bei Besch\u00e4digung und Verlust: JACKETsecure als Garderobenversicherung zahlt die Kosten \u2794 Jetzt berechnen","og_url":"https:\/\/event-secure.de\/jacketsecure\/","og_site_name":"Garderobenversicherung f\u00fcr Jacken und Taschen Ihrer G\u00e4ste","article_modified_time":"2025-07-16T12:02:32+00:00","og_image":[{"width":2560,"height":1329,"url":"https:\/\/event-secure.de\/jacketsecure\/wp-content\/uploads\/sites\/6\/2022\/11\/JACKETsecure-header-scaled.jpg","type":"image\/jpeg"}],"twitter_card":"summary_large_image","schema":{"@context":"https:\/\/schema.org","@graph":[{"@type":"WebPage","@id":"https:\/\/event-secure.de\/jacketsecure\/","url":"https:\/\/event-secure.de\/jacketsecure\/","name":"Garderobenversicherung f\u00fcr Jacken und Taschen Ihrer G\u00e4ste","isPartOf":{"@id":"https:\/\/event-secure.de\/jacketsecure\/#website"},"primaryImageOfPage":{"@id":"https:\/\/event-secure.de\/jacketsecure\/#primaryimage"},"image":{"@id":"https:\/\/event-secure.de\/jacketsecure\/#primaryimage"},"thumbnailUrl":"https:\/\/event-secure.de\/jacketsecure\/wp-content\/uploads\/sites\/6\/2022\/11\/JACKETsecure-header-scaled.jpg","datePublished":"2019-11-02T11:33:57+00:00","dateModified":"2025-07-16T12:02:32+00:00","description":"Bei Besch\u00e4digung und Verlust: JACKETsecure als Garderobenversicherung zahlt die Kosten \u2794 Jetzt berechnen","breadcrumb":{"@id":"https:\/\/event-secure.de\/jacketsecure\/#breadcrumb"},"inLanguage":"de","potentialAction":[{"@type":"ReadAction","target":["https:\/\/event-secure.de\/jacketsecure\/"]}]},{"@type":"ImageObject","inLanguage":"de","@id":"https:\/\/event-secure.de\/jacketsecure\/#primaryimage","url":"https:\/\/event-secure.de\/jacketsecure\/wp-content\/uploads\/sites\/6\/2022\/11\/JACKETsecure-header-scaled.jpg","contentUrl":"https:\/\/event-secure.de\/jacketsecure\/wp-content\/uploads\/sites\/6\/2022\/11\/JACKETsecure-header-scaled.jpg","width":2560,"height":1329,"caption":"Garderobenversicherung | Holzb\u00fcgel mit Garderobenmarken"},{"@type":"BreadcrumbList","@id":"https:\/\/event-secure.de\/jacketsecure\/#breadcrumb","itemListElement":[{"@type":"ListItem","position":1,"name":"Startseite","item":"https:\/\/event-secure.de\/jacketsecure\/"},{"@type":"ListItem","position":2,"name":"Garderobenversicherung"}]},{"@type":"WebSite","@id":"https:\/\/event-secure.de\/jacketsecure\/#website","url":"https:\/\/event-secure.de\/jacketsecure\/","name":"Garderobenversicherung f\u00fcr Jacken und Taschen Ihrer G\u00e4ste","description":"Von Besch\u00e4digung \u00fcber Verwechslung bis Verlust: JACKETsecure tr\u00e4gt die aufzuwendenen Kosten. \u2713 Online rechnen und abschlie\u00dfen.","potentialAction":[{"@type":"SearchAction","target":{"@type":"EntryPoint","urlTemplate":"https:\/\/event-secure.de\/jacketsecure\/?s={search_term_string}"},"query-input":{"@type":"PropertyValueSpecification","valueRequired":true,"valueName":"search_term_string"}}],"inLanguage":"de"}]}},"_links":{"self":[{"href":"https:\/\/event-secure.de\/jacketsecure\/wp-json\/wp\/v2\/pages\/169","targetHints":{"allow":["GET"]}}],"collection":[{"href":"https:\/\/event-secure.de\/jacketsecure\/wp-json\/wp\/v2\/pages"}],"about":[{"href":"https:\/\/event-secure.de\/jacketsecure\/wp-json\/wp\/v2\/types\/page"}],"author":[{"embeddable":true,"href":"https:\/\/event-secure.de\/jacketsecure\/wp-json\/wp\/v2\/users\/1"}],"replies":[{"embeddable":true,"href":"https:\/\/event-secure.de\/jacketsecure\/wp-json\/wp\/v2\/comments?post=169"}],"version-history":[{"count":109,"href":"https:\/\/event-secure.de\/jacketsecure\/wp-json\/wp\/v2\/pages\/169\/revisions"}],"predecessor-version":[{"id":13939,"href":"https:\/\/event-secure.de\/jacketsecure\/wp-json\/wp\/v2\/pages\/169\/revisions\/13939"}],"wp:featuredmedia":[{"embeddable":true,"href":"https:\/\/event-secure.de\/jacketsecure\/wp-json\/wp\/v2\/media\/7087"}],"wp:attachment":[{"href":"https:\/\/event-secure.de\/jacketsecure\/wp-json\/wp\/v2\/media?parent=169"}],"curies":[{"name":"wp","href":"https:\/\/api.w.org\/{rel}","templated":true}]}}